{"id":542,"date":"2017-04-21T15:41:42","date_gmt":"2017-04-21T15:41:42","guid":{"rendered":"https:\/\/whaleboat.be\/?page_id=542"},"modified":"2020-01-10T18:18:23","modified_gmt":"2020-01-10T18:18:23","slug":"contact","status":"publish","type":"page","link":"https:\/\/whaleboat.be\/fr\/contact\/","title":{"rendered":"Contact"},"content":{"rendered":"<div class=\"wpb-content-wrapper\">[vc_row css=\u00a0\u00bb.vc_custom_1486489195441{padding-top: 100px !important;padding-bottom: 45px !important;}\u00a0\u00bb][vc_column width=\u00a0\u00bb2\/3&Prime; col_padding=\u00a0\u00bb2&Prime; col_padding_side=\u00a0\u00bbright\u00a0\u00bb][vc_column_text]\r\n<h4>Contact Form<\/h4>\r\n[\/vc_column_text][vc_column_text]\n<div class=\"wpcf7 no-js\" id=\"wpcf7-f515-o1\" lang=\"en-GB\" dir=\"ltr\" data-wpcf7-id=\"515\">\n<div class=\"screen-reader-response\"><p role=\"status\" aria-live=\"polite\" aria-atomic=\"true\"><\/p> <ul><\/ul><\/div>\n<form action=\"\/fr\/wp-json\/wp\/v2\/pages\/542#wpcf7-f515-o1\" method=\"post\" class=\"wpcf7-form init\" aria-label=\"Contact form\" novalidate=\"novalidate\" data-status=\"init\">\n<fieldset class=\"hidden-fields-container\"><input type=\"hidden\" name=\"_wpcf7\" value=\"515\" \/><input type=\"hidden\" name=\"_wpcf7_version\" value=\"6.1.5\" \/><input type=\"hidden\" name=\"_wpcf7_locale\" value=\"en_GB\" \/><input type=\"hidden\" name=\"_wpcf7_unit_tag\" value=\"wpcf7-f515-o1\" \/><input type=\"hidden\" name=\"_wpcf7_container_post\" value=\"0\" \/><input type=\"hidden\" name=\"_wpcf7_posted_data_hash\" value=\"\" \/>\n<\/fieldset>\n<p><label> Name (required)<br \/>\n<span class=\"wpcf7-form-control-wrap\" data-name=\"your-name\"><input size=\"40\" maxlength=\"400\" class=\"wpcf7-form-control wpcf7-text wpcf7-validates-as-required\" aria-required=\"true\" aria-invalid=\"false\" value=\"\" type=\"text\" name=\"your-name\" \/><\/span> <\/label>\n<\/p>\n<p><label> Email (required)<br \/>\n<span class=\"wpcf7-form-control-wrap\" data-name=\"your-email\"><input size=\"40\" maxlength=\"400\" class=\"wpcf7-form-control wpcf7-email wpcf7-validates-as-required wpcf7-text wpcf7-validates-as-email\" aria-required=\"true\" aria-invalid=\"false\" value=\"\" type=\"email\" name=\"your-email\" \/><\/span> <\/label>\n<\/p>\n<p><label> Subject<br \/>\n<span class=\"wpcf7-form-control-wrap\" data-name=\"your-subject\"><input size=\"40\" maxlength=\"400\" class=\"wpcf7-form-control wpcf7-text\" aria-invalid=\"false\" value=\"\" type=\"text\" name=\"your-subject\" \/><\/span> <\/label>\n<\/p>\n<p><label> Your Message<br \/>\n<span class=\"wpcf7-form-control-wrap\" data-name=\"your-message\"><textarea cols=\"40\" rows=\"10\" maxlength=\"2000\" class=\"wpcf7-form-control wpcf7-textarea\" aria-invalid=\"false\" name=\"your-message\"><\/textarea><\/span> <\/label>\n<\/p>\n<p>[anr_nocaptcha g-recaptcha-response]\n<\/p>\n<p><input class=\"wpcf7-form-control wpcf7-submit has-spinner\" type=\"submit\" value=\"Send\" \/>\n<\/p><p style=\"display: none !important;\" class=\"akismet-fields-container\" data-prefix=\"_wpcf7_ak_\"><label>&#916;<textarea name=\"_wpcf7_ak_hp_textarea\" cols=\"45\" rows=\"8\" maxlength=\"100\"><\/textarea><\/label><input type=\"hidden\" id=\"ak_js_1\" name=\"_wpcf7_ak_js\" value=\"135\"\/><script>document.getElementById( \"ak_js_1\" ).setAttribute( \"value\", ( new Date() ).getTime() );<\/script><\/p><div class=\"wpcf7-response-output\" aria-hidden=\"true\"><\/div>\n<\/form>\n<\/div>\n[\/vc_column_text][\/vc_column][vc_column width=\u00a0\u00bb1\/3&Prime; col_padding=\u00a0\u00bb2&Prime; col_padding_side=\u00a0\u00bbleft\u00a0\u00bb][vc_column_text css=\u00a0\u00bb.vc_custom_1578680288492{margin-bottom: 18px !important;}\u00a0\u00bb]\r\n<h4>Contact<\/h4>\r\nN&rsquo;h\u00e9sitez pas \u00e0 nous contacter. Nos coordonn\u00e9es :[\/vc_column_text]<div class=\"vntd-icon-list icon-list-regular icon-list-no-border icon-list-color-accent icon-list-circle\"><ul class=\"icon-list\"><li><i class=\"fa fa-map-o bg-color-accent\"><\/i><span class=\"icon-list-text\">Wittepaalstraat 16, 9051 Afsnee, Belgium<\/span><\/li><li><i class=\"fa fa-phone bg-color-accent\"><\/i><span class=\"icon-list-text\">+32 477 877 237<\/span><\/li><li><i class=\"fa fa-envelope-o bg-color-accent\"><\/i><span class=\"icon-list-text\">info@whaleboat.be<\/span><\/li><\/ul><\/div>[\/vc_column][\/vc_row][vc_row][vc_column][vc_column_text]\r\n[\/vc_column_text][\/vc_column][\/vc_row]<!-- \/wp:post-content --><\/div>","protected":false},"excerpt":{"rendered":"<p>[vc_row css=\u00a0\u00bb.vc_custom_1486489195441{padding-top: 100px !important;padding-bottom: 45px !important;}\u00a0\u00bb][vc_column width=\u00a0\u00bb2\/3&Prime; col_padding=\u00a0\u00bb2&Prime; col_padding_side=\u00a0\u00bbright\u00a0\u00bb][vc_column_text] Contact Form [\/vc_column_text][vc_column_text][\/vc_column_text][\/vc_column][vc_column width=\u00a0\u00bb1\/3&Prime; col_padding=\u00a0\u00bb2&Prime; col_padding_side=\u00a0\u00bbleft\u00a0\u00bb][vc_column_text css=\u00a0\u00bb.vc_custom_1578680288492{margin-bottom: 18px !important;}\u00a0\u00bb] Contact N&rsquo;h\u00e9sitez pas \u00e0 nous contacter. Nos coordonn\u00e9es :[\/vc_column_text][\/vc_column][\/vc_row][vc_row][vc_column][vc_column_text] [\/vc_column_text][\/vc_column][\/vc_row]<\/p>\n","protected":false},"author":1,"featured_media":0,"parent":0,"menu_order":0,"comment_status":"closed","ping_status":"closed","template":"","meta":{"_exactmetrics_skip_tracking":false,"_exactmetrics_sitenote_active":false,"_exactmetrics_sitenote_note":"","_exactmetrics_sitenote_category":0,"footnotes":""},"class_list":["post-542","page","type-page","status-publish","hentry"],"yoast_head":"<!-- This site is optimized with the Yoast SEO plugin v27.4 - https:\/\/yoast.com\/product\/yoast-seo-wordpress\/ -->\n<title>Contact - Whaleboat<\/title>\n<meta name=\"robots\" content=\"index, follow, max-snippet:-1, max-image-preview:large, max-video-preview:-1\" \/>\n<link rel=\"canonical\" href=\"https:\/\/whaleboat.be\/fr\/contact\/\" \/>\n<meta property=\"og:locale\" content=\"fr_FR\" \/>\n<meta property=\"og:type\" content=\"article\" \/>\n<meta property=\"og:title\" content=\"Contact - Whaleboat\" \/>\n<meta property=\"og:description\" content=\"[vc_row css=\u00a0\u00bb.vc_custom_1486489195441{padding-top: 100px !important;padding-bottom: 45px !important;}\u00a0\u00bb][vc_column width=\u00a0\u00bb2\/3&Prime; col_padding=\u00a0\u00bb2&Prime; col_padding_side=\u00a0\u00bbright\u00a0\u00bb][vc_column_text] Contact Form [\/vc_column_text][vc_column_text][\/vc_column_text][\/vc_column][vc_column width=\u00a0\u00bb1\/3&Prime; col_padding=\u00a0\u00bb2&Prime; col_padding_side=\u00a0\u00bbleft\u00a0\u00bb][vc_column_text css=\u00a0\u00bb.vc_custom_1578680288492{margin-bottom: 18px !important;}\u00a0\u00bb] Contact N&rsquo;h\u00e9sitez pas \u00e0 nous contacter. Nos coordonn\u00e9es :[\/vc_column_text][\/vc_column][\/vc_row][vc_row][vc_column][vc_column_text] [\/vc_column_text][\/vc_column][\/vc_row]\" \/>\n<meta property=\"og:url\" content=\"https:\/\/whaleboat.be\/fr\/contact\/\" \/>\n<meta property=\"og:site_name\" content=\"Whaleboat\" \/>\n<meta property=\"article:publisher\" content=\"https:\/\/www.facebook.com\/whaleboat\" \/>\n<meta property=\"article:modified_time\" content=\"2020-01-10T18:18:23+00:00\" \/>\n<meta name=\"twitter:card\" content=\"summary_large_image\" \/>\n<meta name=\"twitter:label1\" content=\"Dur\u00e9e de lecture estim\u00e9e\" \/>\n\t<meta name=\"twitter:data1\" content=\"1 minute\" \/>\n<script type=\"application\/ld+json\" class=\"yoast-schema-graph\">{\"@context\":\"https:\\\/\\\/schema.org\",\"@graph\":[{\"@type\":\"WebPage\",\"@id\":\"https:\\\/\\\/whaleboat.be\\\/fr\\\/contact\\\/\",\"url\":\"https:\\\/\\\/whaleboat.be\\\/fr\\\/contact\\\/\",\"name\":\"Contact - Whaleboat\",\"isPartOf\":{\"@id\":\"https:\\\/\\\/whaleboat.be\\\/fr\\\/#website\"},\"datePublished\":\"2017-04-21T15:41:42+00:00\",\"dateModified\":\"2020-01-10T18:18:23+00:00\",\"breadcrumb\":{\"@id\":\"https:\\\/\\\/whaleboat.be\\\/fr\\\/contact\\\/#breadcrumb\"},\"inLanguage\":\"fr-FR\",\"potentialAction\":[{\"@type\":\"ReadAction\",\"target\":[\"https:\\\/\\\/whaleboat.be\\\/fr\\\/contact\\\/\"]}]},{\"@type\":\"BreadcrumbList\",\"@id\":\"https:\\\/\\\/whaleboat.be\\\/fr\\\/contact\\\/#breadcrumb\",\"itemListElement\":[{\"@type\":\"ListItem\",\"position\":1,\"name\":\"Home\",\"item\":\"https:\\\/\\\/whaleboat.be\\\/fr\\\/\"},{\"@type\":\"ListItem\",\"position\":2,\"name\":\"Contact\"}]},{\"@type\":\"WebSite\",\"@id\":\"https:\\\/\\\/whaleboat.be\\\/fr\\\/#website\",\"url\":\"https:\\\/\\\/whaleboat.be\\\/fr\\\/\",\"name\":\"Whaleboat\",\"description\":\"Rowboats for adventurers\",\"publisher\":{\"@id\":\"https:\\\/\\\/whaleboat.be\\\/fr\\\/#organization\"},\"potentialAction\":[{\"@type\":\"SearchAction\",\"target\":{\"@type\":\"EntryPoint\",\"urlTemplate\":\"https:\\\/\\\/whaleboat.be\\\/fr\\\/?s={search_term_string}\"},\"query-input\":{\"@type\":\"PropertyValueSpecification\",\"valueRequired\":true,\"valueName\":\"search_term_string\"}}],\"inLanguage\":\"fr-FR\"},{\"@type\":\"Organization\",\"@id\":\"https:\\\/\\\/whaleboat.be\\\/fr\\\/#organization\",\"name\":\"Whaleboat\",\"url\":\"https:\\\/\\\/whaleboat.be\\\/fr\\\/\",\"logo\":{\"@type\":\"ImageObject\",\"inLanguage\":\"fr-FR\",\"@id\":\"https:\\\/\\\/whaleboat.be\\\/fr\\\/#\\\/schema\\\/logo\\\/image\\\/\",\"url\":\"https:\\\/\\\/whaleboat.be\\\/wp-content\\\/uploads\\\/2020\\\/05\\\/whale_314c_30_silver-notext-circle.png\",\"contentUrl\":\"https:\\\/\\\/whaleboat.be\\\/wp-content\\\/uploads\\\/2020\\\/05\\\/whale_314c_30_silver-notext-circle.png\",\"width\":345,\"height\":345,\"caption\":\"Whaleboat\"},\"image\":{\"@id\":\"https:\\\/\\\/whaleboat.be\\\/fr\\\/#\\\/schema\\\/logo\\\/image\\\/\"},\"sameAs\":[\"https:\\\/\\\/www.facebook.com\\\/whaleboat\",\"https:\\\/\\\/www.instagram.com\\\/whaleboat_boatbuilding\"]}]}<\/script>\n<!-- \/ Yoast SEO plugin. -->","yoast_head_json":{"title":"Contact - Whaleboat","robots":{"index":"index","follow":"follow","max-snippet":"max-snippet:-1","max-image-preview":"max-image-preview:large","max-video-preview":"max-video-preview:-1"},"canonical":"https:\/\/whaleboat.be\/fr\/contact\/","og_locale":"fr_FR","og_type":"article","og_title":"Contact - Whaleboat","og_description":"[vc_row css=\u00a0\u00bb.vc_custom_1486489195441{padding-top: 100px !important;padding-bottom: 45px !important;}\u00a0\u00bb][vc_column width=\u00a0\u00bb2\/3&Prime; col_padding=\u00a0\u00bb2&Prime; col_padding_side=\u00a0\u00bbright\u00a0\u00bb][vc_column_text] Contact Form [\/vc_column_text][vc_column_text][\/vc_column_text][\/vc_column][vc_column width=\u00a0\u00bb1\/3&Prime; col_padding=\u00a0\u00bb2&Prime; col_padding_side=\u00a0\u00bbleft\u00a0\u00bb][vc_column_text css=\u00a0\u00bb.vc_custom_1578680288492{margin-bottom: 18px !important;}\u00a0\u00bb] Contact N&rsquo;h\u00e9sitez pas \u00e0 nous contacter. Nos coordonn\u00e9es :[\/vc_column_text][\/vc_column][\/vc_row][vc_row][vc_column][vc_column_text] [\/vc_column_text][\/vc_column][\/vc_row]","og_url":"https:\/\/whaleboat.be\/fr\/contact\/","og_site_name":"Whaleboat","article_publisher":"https:\/\/www.facebook.com\/whaleboat","article_modified_time":"2020-01-10T18:18:23+00:00","twitter_card":"summary_large_image","twitter_misc":{"Dur\u00e9e de lecture estim\u00e9e":"1 minute"},"schema":{"@context":"https:\/\/schema.org","@graph":[{"@type":"WebPage","@id":"https:\/\/whaleboat.be\/fr\/contact\/","url":"https:\/\/whaleboat.be\/fr\/contact\/","name":"Contact - Whaleboat","isPartOf":{"@id":"https:\/\/whaleboat.be\/fr\/#website"},"datePublished":"2017-04-21T15:41:42+00:00","dateModified":"2020-01-10T18:18:23+00:00","breadcrumb":{"@id":"https:\/\/whaleboat.be\/fr\/contact\/#breadcrumb"},"inLanguage":"fr-FR","potentialAction":[{"@type":"ReadAction","target":["https:\/\/whaleboat.be\/fr\/contact\/"]}]},{"@type":"BreadcrumbList","@id":"https:\/\/whaleboat.be\/fr\/contact\/#breadcrumb","itemListElement":[{"@type":"ListItem","position":1,"name":"Home","item":"https:\/\/whaleboat.be\/fr\/"},{"@type":"ListItem","position":2,"name":"Contact"}]},{"@type":"WebSite","@id":"https:\/\/whaleboat.be\/fr\/#website","url":"https:\/\/whaleboat.be\/fr\/","name":"Whaleboat","description":"Rowboats for adventurers","publisher":{"@id":"https:\/\/whaleboat.be\/fr\/#organization"},"potentialAction":[{"@type":"SearchAction","target":{"@type":"EntryPoint","urlTemplate":"https:\/\/whaleboat.be\/fr\/?s={search_term_string}"},"query-input":{"@type":"PropertyValueSpecification","valueRequired":true,"valueName":"search_term_string"}}],"inLanguage":"fr-FR"},{"@type":"Organization","@id":"https:\/\/whaleboat.be\/fr\/#organization","name":"Whaleboat","url":"https:\/\/whaleboat.be\/fr\/","logo":{"@type":"ImageObject","inLanguage":"fr-FR","@id":"https:\/\/whaleboat.be\/fr\/#\/schema\/logo\/image\/","url":"https:\/\/whaleboat.be\/wp-content\/uploads\/2020\/05\/whale_314c_30_silver-notext-circle.png","contentUrl":"https:\/\/whaleboat.be\/wp-content\/uploads\/2020\/05\/whale_314c_30_silver-notext-circle.png","width":345,"height":345,"caption":"Whaleboat"},"image":{"@id":"https:\/\/whaleboat.be\/fr\/#\/schema\/logo\/image\/"},"sameAs":["https:\/\/www.facebook.com\/whaleboat","https:\/\/www.instagram.com\/whaleboat_boatbuilding"]}]}},"_links":{"self":[{"href":"https:\/\/whaleboat.be\/fr\/wp-json\/wp\/v2\/pages\/542","targetHints":{"allow":["GET"]}}],"collection":[{"href":"https:\/\/whaleboat.be\/fr\/wp-json\/wp\/v2\/pages"}],"about":[{"href":"https:\/\/whaleboat.be\/fr\/wp-json\/wp\/v2\/types\/page"}],"author":[{"embeddable":true,"href":"https:\/\/whaleboat.be\/fr\/wp-json\/wp\/v2\/users\/1"}],"replies":[{"embeddable":true,"href":"https:\/\/whaleboat.be\/fr\/wp-json\/wp\/v2\/comments?post=542"}],"version-history":[{"count":4,"href":"https:\/\/whaleboat.be\/fr\/wp-json\/wp\/v2\/pages\/542\/revisions"}],"predecessor-version":[{"id":985,"href":"https:\/\/whaleboat.be\/fr\/wp-json\/wp\/v2\/pages\/542\/revisions\/985"}],"wp:attachment":[{"href":"https:\/\/whaleboat.be\/fr\/wp-json\/wp\/v2\/media?parent=542"}],"curies":[{"name":"wp","href":"https:\/\/api.w.org\/{rel}","templated":true}]}}